{"id":173128,"date":"2025-09-24T22:25:15","date_gmt":"2025-09-24T22:25:15","guid":{"rendered":"https:\/\/promo365.lt\/index.php\/product\/awdis-lookbook-de-2025\/"},"modified":"2025-09-24T22:25:46","modified_gmt":"2025-09-24T22:25:46","slug":"awdis-lookbook-de-2025","status":"publish","type":"product","link":"https:\/\/promo365.lt\/index.php\/product\/awdis-lookbook-de-2025\/","title":{"rendered":"AWDIS LOOKBOOK DE 2025"},"content":{"rendered":"<p>&#8222;Unser Angebot f\u00fcr 2025 umfasst neue Farben. mehr Gr\u00f6\u00dfen und modernePassformen in all unseren Kollektionen.&#8221;;;&#8221;Jedes Produkt ist ganz auf Komfort. Veredelung und Individualit\u00e4t ausgelegt. vom klassischen College Hoodie JH001. jetzt erh\u00e4ltlich in unglaublichen 100 Farben. bis zu innovativer Sportkleidung und Premium-Artikeln in schwerer Stoffqualit\u00e4t.&#8221;;;&#8221;Bringen Sie mit AWDis Ihre Identit\u00e4t zum Ausdruck und realisieren Sie wirkungsvolle Designs. die durch Vielseitigkeit und Farbkraft rundum \u00fcberzeugen. Wir liefern die besten Blanko-Artikel f\u00fcr Ihren gro\u00dfen Auftritt!&#8221;;;\u200bMAXIMUM ORDER QUANTITY 10 PIECES \/ ORDER!<\/p>\n<table border='1'>\n<\/table>\n","protected":false},"excerpt":{"rendered":"<p>&#8222;Unser Angebot f\u00fcr 2025 umfasst neue Farben. mehr Gr\u00f6\u00dfen und modernePassformen in all unseren Kollektionen.&#8221;;;&#8221;Jedes Produkt ist ganz auf Komfort. Veredelung und Individualit\u00e4t ausgelegt. vom klassischen College Hoodie JH001. jetzt erh\u00e4ltlich in unglaublichen 100 Farben. bis zu innovativer Sportkleidung und Premium-Artikeln in schwerer Stoffqualit\u00e4t.&#8221;;;&#8221;Bringen Sie mit AWDis Ihre Identit\u00e4t zum Ausdruck und realisieren Sie wirkungsvolle [&#8230;]\n","protected":false},"featured_media":173129,"template":"","meta":{"_monsterinsights_skip_tracking":false,"_monsterinsights_sitenote_active":false,"_monsterinsights_sitenote_note":"","_monsterinsights_sitenote_category":0},"product_cat":[1583],"product_tag":[],"class_list":["post-173128","product","type-product","status-publish","has-post-thumbnail","hentry","product_cat-marketing-tools","pa_color-lookbook","pa_size-u"],"aioseo_notices":[],"_links":{"self":[{"href":"https:\/\/promo365.lt\/index.php\/wp-json\/wp\/v2\/product\/173128","targetHints":{"allow":["GET"]}}],"collection":[{"href":"https:\/\/promo365.lt\/index.php\/wp-json\/wp\/v2\/product"}],"about":[{"href":"https:\/\/promo365.lt\/index.php\/wp-json\/wp\/v2\/types\/product"}],"wp:featuredmedia":[{"embeddable":true,"href":"https:\/\/promo365.lt\/index.php\/wp-json\/wp\/v2\/media\/173129"}],"wp:attachment":[{"href":"https:\/\/promo365.lt\/index.php\/wp-json\/wp\/v2\/media?parent=173128"}],"wp:term":[{"taxonomy":"product_cat","embeddable":true,"href":"https:\/\/promo365.lt\/index.php\/wp-json\/wp\/v2\/product_cat?post=173128"},{"taxonomy":"product_tag","embeddable":true,"href":"https:\/\/promo365.lt\/index.php\/wp-json\/wp\/v2\/product_tag?post=173128"}],"curies":[{"name":"wp","href":"https:\/\/api.w.org\/{rel}","templated":true}]}}