{"id":247985,"date":"2025-09-25T01:00:55","date_gmt":"2025-09-25T01:00:55","guid":{"rendered":"https:\/\/promo365.lt\/index.php\/product\/heat-apply-id-pocket-sell-in-pack-of-50-2\/"},"modified":"2025-09-25T01:02:07","modified_gmt":"2025-09-25T01:02:07","slug":"heat-apply-id-pocket-sell-in-pack-of-50-2","status":"publish","type":"product","link":"https:\/\/promo365.lt\/index.php\/product\/heat-apply-id-pocket-sell-in-pack-of-50-2\/","title":{"rendered":"HEAT APPLY ID POCKET (SELL IN PACK OF 50)"},"content":{"rendered":"<p>R\u00e9sistant et imperm\u00e9able. Appliquer \u00e0 chaud (130\u00b0 pour 10 secondes).<\/p>\n","protected":false},"excerpt":{"rendered":"<p>Resistant and waterproof. Apply warm (130\u00b0 for 10 seconds).<\/p>\n","protected":false},"featured_media":247987,"template":"","meta":{"_monsterinsights_skip_tracking":false,"_monsterinsights_sitenote_active":false,"_monsterinsights_sitenote_note":"","_monsterinsights_sitenote_category":0},"product_cat":[1579],"product_tag":[],"class_list":["post-247985","product","type-product","status-publish","has-post-thumbnail","hentry","product_cat-yoko","pa_color-clear"],"aioseo_notices":[],"_links":{"self":[{"href":"https:\/\/promo365.lt\/index.php\/wp-json\/wp\/v2\/product\/247985","targetHints":{"allow":["GET"]}}],"collection":[{"href":"https:\/\/promo365.lt\/index.php\/wp-json\/wp\/v2\/product"}],"about":[{"href":"https:\/\/promo365.lt\/index.php\/wp-json\/wp\/v2\/types\/product"}],"wp:featuredmedia":[{"embeddable":true,"href":"https:\/\/promo365.lt\/index.php\/wp-json\/wp\/v2\/media\/247987"}],"wp:attachment":[{"href":"https:\/\/promo365.lt\/index.php\/wp-json\/wp\/v2\/media?parent=247985"}],"wp:term":[{"taxonomy":"product_cat","embeddable":true,"href":"https:\/\/promo365.lt\/index.php\/wp-json\/wp\/v2\/product_cat?post=247985"},{"taxonomy":"product_tag","embeddable":true,"href":"https:\/\/promo365.lt\/index.php\/wp-json\/wp\/v2\/product_tag?post=247985"}],"curies":[{"name":"wp","href":"https:\/\/api.w.org\/{rel}","templated":true}]}}